{"id":5,"date":"2025-09-04T10:58:37","date_gmt":"2025-09-04T08:58:37","guid":{"rendered":"https:\/\/milagros.ch\/?page_id=5"},"modified":"2025-09-18T16:40:27","modified_gmt":"2025-09-18T14:40:27","slug":"milagros-for-sale","status":"publish","type":"page","link":"https:\/\/milagros.ch\/de\/","title":{"rendered":"WIllkommen!"},"content":{"rendered":"<h3 class=\"wp-block-heading\" id=\"h-it-s-time-for-a-new-adventure-milagros-is-looking-for-a-new-crew\">Es ist Zeit f\u00fcr Ver\u00e4nderung \u2013 Milagros sucht ihre n\u00e4chste Crew.<\/h3>\n\n\n\n<div style=\"height:30px\" aria-hidden=\"true\" class=\"wp-block-spacer\"><\/div>\n\n\n\n<p class=\"has-text-align-center\">Im Jahr 2019 haben wir Milagros, ein 44-Fuss-Segelboot, gekauft und sie komplett \u00fcberholt, um sie f\u00fcr das Leben auf See vorzubereiten. Wir sind in die Segelwelt eingetaucht, haben das Handwerk gelernt und Mexiko als Liveaboard-Cruiser und digitale Nomaden erkundet. Unterwegs haben wir Dinge f\u00fcrs Leben gelernt, unseren Rhythmus gefunden und unz\u00e4hlige Geschichten gesammelt, die wir erz\u00e4hlen k\u00f6nnen.<\/p>\n\n\n\n<p class=\"has-text-align-center\">Nun ist unsere Reise auf dem Wasser zu Ende, und es ist Zeit f\u00fcr ein neues Abenteuer an Land.<\/p>\n\n\n\n<p class=\"has-text-align-center\">Schau sie dir an!<\/p>\n\n\n\n<div class=\"wp-block-buttons is-content-justification-center is-layout-flex wp-container-core-buttons-layout-1 wp-block-buttons-is-layout-flex\">\n<div class=\"wp-block-button\"><a class=\"wp-block-button__link wp-element-button\" href=\"https:\/\/milagros.ch\/de\/unsere-kelly-peterson-44-zu-verkaufen\/\">Milagros anschauen<\/a><\/div>\n<\/div>\n\n\n\n<div style=\"height:28px\" aria-hidden=\"true\" class=\"wp-block-spacer\"><\/div>\n\n\n\n<p class=\"has-text-align-center\">Schm\u00fctzli,<br>Pati &amp; Dave<\/p>\n\n\n\n<p class=\"has-text-align-center\"><a href=\"https:\/\/milagros.ch\/de\/die-crew\/\">Lerne die Crew kennen<\/a> | <a href=\"https:\/\/milagros.ch\/de\/der-blog\/\">Lese unseren Blog<\/a><\/p>","protected":false},"excerpt":{"rendered":"<p>It\u2019s time for a new adventure &#8211; Milagros is looking for a new crew! Back in 2019 we bought Milagros, [&hellip;]<\/p>\n","protected":false},"author":3,"featured_media":16829,"parent":0,"menu_order":0,"comment_status":"closed","ping_status":"closed","template":"front-page.php","meta":{"_acf_changed":false,"_monsterinsights_skip_tracking":false,"_monsterinsights_sitenote_active":false,"_monsterinsights_sitenote_note":"","_monsterinsights_sitenote_category":0,"cybocfi_hide_featured_image":"","footnotes":""},"acf":[],"yoast_head":"<!-- This site is optimized with the Yoast SEO Premium plugin v22.0 (Yoast SEO v23.5) - https:\/\/yoast.com\/wordpress\/plugins\/seo\/ -->\n<title>KP44 Milagros &#8226; Bluewater Sailboat for Sale by Owners<\/title>\n<meta name=\"description\" content=\"Our journey aboard Milagros, a Kelly Peterson 44, is complete. Now we\u2019re heading for new adventures. Check her out!\" \/>\n<meta name=\"robots\" content=\"index, follow, max-snippet:-1, max-image-preview:large, max-video-preview:-1\" \/>\n<link rel=\"canonical\" href=\"https:\/\/milagros.ch\/de\/\" \/>\n<meta property=\"og:locale\" content=\"de_DE\" \/>\n<meta property=\"og:type\" content=\"article\" \/>\n<meta property=\"og:title\" content=\"Welcome!\" \/>\n<meta property=\"og:description\" content=\"It\u2019s time for a new adventure - Milagros is looking for a new crew! Back in 2019 we bought Milagros, a 44-foot sailboat, and gave her a full refit to get\" \/>\n<meta property=\"og:url\" content=\"https:\/\/milagros.ch\/de\/\" \/>\n<meta property=\"og:site_name\" content=\"Milagros\" \/>\n<meta property=\"article:publisher\" content=\"https:\/\/www.facebook.com\/milagros.sailing\" \/>\n<meta property=\"article:modified_time\" content=\"2025-09-18T14:40:27+00:00\" \/>\n<meta property=\"og:image\" content=\"https:\/\/milagros.ch\/wp-content\/uploads\/2025\/09\/PXL_20240322_002304561-e1758206405600.jpg\" \/>\n\t<meta property=\"og:image:width\" content=\"2530\" \/>\n\t<meta property=\"og:image:height\" content=\"1006\" \/>\n\t<meta property=\"og:image:type\" content=\"image\/jpeg\" \/>\n<meta name=\"twitter:card\" content=\"summary_large_image\" \/>\n<meta name=\"twitter:label1\" content=\"Gesch\u00e4tzte Lesezeit\" \/>\n\t<meta name=\"twitter:data1\" content=\"1 Minute\" \/>\n<script type=\"application\/ld+json\" class=\"yoast-schema-graph\">{\"@context\":\"https:\/\/schema.org\",\"@graph\":[{\"@type\":\"WebPage\",\"@id\":\"https:\/\/milagros.ch\/\",\"url\":\"https:\/\/milagros.ch\/\",\"name\":\"KP44 Milagros &#8226; Bluewater Sailboat for Sale by Owners\",\"isPartOf\":{\"@id\":\"https:\/\/milagros.ch\/#website\"},\"primaryImageOfPage\":{\"@id\":\"https:\/\/milagros.ch\/#primaryimage\"},\"image\":{\"@id\":\"https:\/\/milagros.ch\/#primaryimage\"},\"thumbnailUrl\":\"https:\/\/milagros.ch\/wp-content\/uploads\/2025\/09\/PXL_20240322_002304561-e1758206405600.jpg\",\"datePublished\":\"2025-09-04T08:58:37+00:00\",\"dateModified\":\"2025-09-18T14:40:27+00:00\",\"description\":\"Our journey aboard Milagros, a Kelly Peterson 44, is complete. Now we\u2019re heading for new adventures. Check her out!\",\"breadcrumb\":{\"@id\":\"https:\/\/milagros.ch\/#breadcrumb\"},\"inLanguage\":\"de-CH\",\"potentialAction\":[{\"@type\":\"ReadAction\",\"target\":[\"https:\/\/milagros.ch\/\"]}]},{\"@type\":\"ImageObject\",\"inLanguage\":\"de-CH\",\"@id\":\"https:\/\/milagros.ch\/#primaryimage\",\"url\":\"https:\/\/milagros.ch\/wp-content\/uploads\/2025\/09\/PXL_20240322_002304561-e1758206405600.jpg\",\"contentUrl\":\"https:\/\/milagros.ch\/wp-content\/uploads\/2025\/09\/PXL_20240322_002304561-e1758206405600.jpg\",\"width\":2530,\"height\":1006},{\"@type\":\"BreadcrumbList\",\"@id\":\"https:\/\/milagros.ch\/#breadcrumb\",\"itemListElement\":[{\"@type\":\"ListItem\",\"position\":1,\"name\":\"Startseite\",\"item\":\"https:\/\/milagros.ch\/\"},{\"@type\":\"ListItem\",\"position\":2,\"name\":\"Welcome!\"}]},{\"@type\":\"WebSite\",\"@id\":\"https:\/\/milagros.ch\/#website\",\"url\":\"https:\/\/milagros.ch\/\",\"name\":\"Milagros\",\"description\":\"Nice to meet you!\",\"publisher\":{\"@id\":\"https:\/\/milagros.ch\/#organization\"},\"potentialAction\":[{\"@type\":\"SearchAction\",\"target\":{\"@type\":\"EntryPoint\",\"urlTemplate\":\"https:\/\/milagros.ch\/?s={search_term_string}\"},\"query-input\":{\"@type\":\"PropertyValueSpecification\",\"valueRequired\":true,\"valueName\":\"search_term_string\"}}],\"inLanguage\":\"de-CH\"},{\"@type\":\"Organization\",\"@id\":\"https:\/\/milagros.ch\/#organization\",\"name\":\"Milagros Sailing\",\"url\":\"https:\/\/milagros.ch\/\",\"logo\":{\"@type\":\"ImageObject\",\"inLanguage\":\"de-CH\",\"@id\":\"https:\/\/milagros.ch\/#\/schema\/logo\/image\/\",\"url\":\"https:\/\/milagros.ch\/wp-content\/uploads\/2021\/02\/Milagros_black.jpg\",\"contentUrl\":\"https:\/\/milagros.ch\/wp-content\/uploads\/2021\/02\/Milagros_black.jpg\",\"width\":512,\"height\":512,\"caption\":\"Milagros Sailing\"},\"image\":{\"@id\":\"https:\/\/milagros.ch\/#\/schema\/logo\/image\/\"},\"sameAs\":[\"https:\/\/www.facebook.com\/milagros.sailing\",\"https:\/\/www.instagram.com\/milagros_sailing\/\",\"https:\/\/www.linkedin.com\/company\/milagros-sailing\"]}]}<\/script>\n<!-- \/ Yoast SEO Premium plugin. -->","yoast_head_json":{"title":"KP44 Milagros &#8226; Bluewater Sailboat for Sale by Owners","description":"Unsere Reise an Bord der Milagros, einer Kelly Peterson 44, ist abgeschlossen. Jetzt brechen wir zu neuen Abenteuern auf. Schau sie dir an!","robots":{"index":"index","follow":"follow","max-snippet":"max-snippet:-1","max-image-preview":"max-image-preview:large","max-video-preview":"max-video-preview:-1"},"canonical":"https:\/\/milagros.ch\/de\/","og_locale":"de_DE","og_type":"article","og_title":"Welcome!","og_description":"It\u2019s time for a new adventure - Milagros is looking for a new crew! Back in 2019 we bought Milagros, a 44-foot sailboat, and gave her a full refit to get","og_url":"https:\/\/milagros.ch\/de\/","og_site_name":"Milagros","article_publisher":"https:\/\/www.facebook.com\/milagros.sailing","article_modified_time":"2025-09-18T14:40:27+00:00","og_image":[{"width":2530,"height":1006,"url":"https:\/\/milagros.ch\/wp-content\/uploads\/2025\/09\/PXL_20240322_002304561-e1758206405600.jpg","type":"image\/jpeg"}],"twitter_card":"summary_large_image","twitter_misc":{"Gesch\u00e4tzte Lesezeit":"1 Minute"},"schema":{"@context":"https:\/\/schema.org","@graph":[{"@type":"WebPage","@id":"https:\/\/milagros.ch\/","url":"https:\/\/milagros.ch\/","name":"KP44 Milagros &#8226; Bluewater Sailboat for Sale by Owners","isPartOf":{"@id":"https:\/\/milagros.ch\/#website"},"primaryImageOfPage":{"@id":"https:\/\/milagros.ch\/#primaryimage"},"image":{"@id":"https:\/\/milagros.ch\/#primaryimage"},"thumbnailUrl":"https:\/\/milagros.ch\/wp-content\/uploads\/2025\/09\/PXL_20240322_002304561-e1758206405600.jpg","datePublished":"2025-09-04T08:58:37+00:00","dateModified":"2025-09-18T14:40:27+00:00","description":"Unsere Reise an Bord der Milagros, einer Kelly Peterson 44, ist abgeschlossen. Jetzt brechen wir zu neuen Abenteuern auf. Schau sie dir an!","breadcrumb":{"@id":"https:\/\/milagros.ch\/#breadcrumb"},"inLanguage":"de-CH","potentialAction":[{"@type":"ReadAction","target":["https:\/\/milagros.ch\/"]}]},{"@type":"ImageObject","inLanguage":"de-CH","@id":"https:\/\/milagros.ch\/#primaryimage","url":"https:\/\/milagros.ch\/wp-content\/uploads\/2025\/09\/PXL_20240322_002304561-e1758206405600.jpg","contentUrl":"https:\/\/milagros.ch\/wp-content\/uploads\/2025\/09\/PXL_20240322_002304561-e1758206405600.jpg","width":2530,"height":1006},{"@type":"BreadcrumbList","@id":"https:\/\/milagros.ch\/#breadcrumb","itemListElement":[{"@type":"ListItem","position":1,"name":"Startseite","item":"https:\/\/milagros.ch\/"},{"@type":"ListItem","position":2,"name":"Welcome!"}]},{"@type":"WebSite","@id":"https:\/\/milagros.ch\/#website","url":"https:\/\/milagros.ch\/","name":"Milagros","description":"Sch\u00f6n dich kennen zu lernen!","publisher":{"@id":"https:\/\/milagros.ch\/#organization"},"potentialAction":[{"@type":"SearchAction","target":{"@type":"EntryPoint","urlTemplate":"https:\/\/milagros.ch\/?s={search_term_string}"},"query-input":{"@type":"PropertyValueSpecification","valueRequired":true,"valueName":"search_term_string"}}],"inLanguage":"de-CH"},{"@type":"Organization","@id":"https:\/\/milagros.ch\/#organization","name":"Milagros Sailing","url":"https:\/\/milagros.ch\/","logo":{"@type":"ImageObject","inLanguage":"de-CH","@id":"https:\/\/milagros.ch\/#\/schema\/logo\/image\/","url":"https:\/\/milagros.ch\/wp-content\/uploads\/2021\/02\/Milagros_black.jpg","contentUrl":"https:\/\/milagros.ch\/wp-content\/uploads\/2021\/02\/Milagros_black.jpg","width":512,"height":512,"caption":"Milagros Sailing"},"image":{"@id":"https:\/\/milagros.ch\/#\/schema\/logo\/image\/"},"sameAs":["https:\/\/www.facebook.com\/milagros.sailing","https:\/\/www.instagram.com\/milagros_sailing\/","https:\/\/www.linkedin.com\/company\/milagros-sailing"]}]}},"_links":{"self":[{"href":"https:\/\/milagros.ch\/de\/wp-json\/wp\/v2\/pages\/5"}],"collection":[{"href":"https:\/\/milagros.ch\/de\/wp-json\/wp\/v2\/pages"}],"about":[{"href":"https:\/\/milagros.ch\/de\/wp-json\/wp\/v2\/types\/page"}],"author":[{"embeddable":true,"href":"https:\/\/milagros.ch\/de\/wp-json\/wp\/v2\/users\/3"}],"replies":[{"embeddable":true,"href":"https:\/\/milagros.ch\/de\/wp-json\/wp\/v2\/comments?post=5"}],"version-history":[{"count":54,"href":"https:\/\/milagros.ch\/de\/wp-json\/wp\/v2\/pages\/5\/revisions"}],"predecessor-version":[{"id":16891,"href":"https:\/\/milagros.ch\/de\/wp-json\/wp\/v2\/pages\/5\/revisions\/16891"}],"wp:featuredmedia":[{"embeddable":true,"href":"https:\/\/milagros.ch\/de\/wp-json\/wp\/v2\/media\/16829"}],"wp:attachment":[{"href":"https:\/\/milagros.ch\/de\/wp-json\/wp\/v2\/media?parent=5"}],"curies":[{"name":"wp","href":"https:\/\/api.w.org\/{rel}","templated":true}]}}