{"id":19,"date":"2020-02-21T10:12:14","date_gmt":"2020-02-21T09:12:14","guid":{"rendered":"https:\/\/milagros.ch\/?page_id=19"},"modified":"2025-09-05T11:08:23","modified_gmt":"2025-09-05T09:08:23","slug":"the-crew","status":"publish","type":"page","link":"https:\/\/milagros.ch\/de\/the-crew\/","title":{"rendered":"Die Crew"},"content":{"rendered":"<h2 class=\"has-text-align-center wp-block-heading\" id=\"h-this-is-us\">Das sind wir!<\/h2>\n\n\n\n<figure class=\"wp-block-image size-large is-style-default\"><img loading=\"lazy\" decoding=\"async\" width=\"1024\" height=\"453\" src=\"https:\/\/milagros.ch\/wp-content\/uploads\/2021\/07\/the-crew.jpg\" alt=\"\" class=\"wp-image-12850\" srcset=\"https:\/\/milagros.ch\/wp-content\/uploads\/2021\/07\/the-crew.jpg 1024w, https:\/\/milagros.ch\/wp-content\/uploads\/2021\/07\/the-crew-300x133.jpg 300w, https:\/\/milagros.ch\/wp-content\/uploads\/2021\/07\/the-crew-768x340.jpg 768w, https:\/\/milagros.ch\/wp-content\/uploads\/2021\/07\/the-crew-16x7.jpg 16w\" sizes=\"(max-width: 1024px) 100vw, 1024px\" \/><\/figure>\n\n\n\n<p>Wir sind Pati und Dave, und beide in unseren 30ern. Wir kommen aus Basel im Nordwesten der Schweiz und haben bereits mehr als 10 Jahr als gl\u00fcckliches Paar verbracht, immer auf der Suche nach neuen Abenteuern. Wir lieben beide das Reisen, das Meer und die Natur, also denken wir dass mit einem eigenen Kelly Peterson 44 Segelschiff aufzubrechen eine ziemlich geniale Idee ist, oder nicht?<\/p>\n\n\n\n<p class=\"has-text-align-left\">Hast du Fragen? <a href=\"https:\/\/milagros.ch\/de\/10-faq\/\" target=\"_blank\" rel=\"noreferrer noopener\">Hier findest du die Antworten auf die 10 am h\u00e4ufigsten gestellten Fragen zu unserem Abenteuer.<\/a><\/p>\n\n\n\n<h2 class=\"has-text-align-center wp-block-heading\" id=\"h-more-about-pati\">Mehr \u00fcber Pati<\/h2>\n\n\n\n<p>Ich wollte schon immer Kapit\u00e4nin einer Kelly Peterson 44 werden \u2013 haha nicht wirklich \ud83d\ude0a. Es ist nur so, dass ich mich f\u00fcr (zu) viele verschiedene Dinge interessiere und gerne neue Sachen lerne. Ich kann mir die unterschiedlichsten Lebensmodelle vorstellen und bei dieser Bootsidee konnte ich nur sagen: <strong>Warum nicht? Machen wir das!<\/strong> Ich bin kein Fan von starren Vorstellungen, Erwartungen und Zielen. Ich bevorzuge es, nur eine Perspektive zu haben - es muss sich am Ende gut anf\u00fchlen, egal was es ist und wie du dorthin gekommen bist.<\/p>\n\n\n\n<p>Was kann ich noch \u00fcber mich sagen? Nun, ich mag Metal, Honigschnitten, Schwarz, Zahlen, Lesen, Kakteen und Katzen. Und ich mag keine Mittelstreifenfahrer, Polenta, Fussball, Blau, Pferde, Unzuverl\u00e4ssigkeit und Katzentoiletten.<\/p>\n\n\n\n<p>Wenn ich ein Gem\u00fcse w\u00e4re, w\u00e4re ich eine Aubergine: aussen dunkel, innen hell. Und richtig zubereitet schmeckt sie (meistens) gut.<\/p>\n\n\n\n<p class=\"has-text-align-center\">Umarme das Unerwartete!<\/p>\n\n\n\n<h2 class=\"has-text-align-center wp-block-heading\" id=\"h-more-about-dave\">Mehr \u00fcber Dave<\/h2>\n\n\n\n<p>Ich spiele seit langer Zeit Schlagzeug (in Metalbands), ich habe Propellerflugzeuge und Gleitschirme geflogen, ich habe geimkert, habe Tauchen gelernt und ich bin ein Noobie Gitarrist. Ich bin die Art von Person, die versucht alles zu erlernen, was ungew\u00f6hnlich ist und interessant erscheint. Das Leben ist zu kurz, um Zeit zu verschwenden.<\/p>\n\n\n\n<p>Ich habe mich in der N\u00e4he von und im Wasser schon immer sehr wohl gef\u00fchlt, aber ich hatte nie etwas mit Segeln am Hut, bis wir zwei Wochen lang mit Pati's Schwester und ihrem Freund auf <a rel=\"noreferrer noopener\" href=\"https:\/\/milagros.ch\/de\/e1\/\" target=\"_blank\">die Kapverden zum Segeln<\/a> gereist sind - ich war sofort begeistert. Ich wusste damals noch nicht, dass wir zwei Jahre sp\u00e4ter Eigent\u00fcmer unserer eigenen Kelly Peterson 44 und eines Segelblogs sein w\u00fcrden.<\/p>\n\n\n\n<p class=\"has-text-align-center\">Mal sehen, was dieses neue Kapitel bringt. Ich bin bereit.<\/p>\n\n\n\n<p class=\"has-text-align-left\">Wenn ihr wissen wollt wie alles seinen Lauf nahm, warum nicht von Beginn weg unseren Segelblog lesen? \ud83d\ude42 <\/p>\n\n\n\n<p class=\"has-text-align-center\"><a href=\"https:\/\/milagros.ch\/de\/wie-das-abenteuer-begann\/\" target=\"_blank\" rel=\"noreferrer noopener\"><span class=\"tadv-color\" style=\"color:#0693e3\">Hier mit dem Lesen beginnen!<\/span><\/a><\/p>\n\n\n\n<h2 class=\"has-text-align-center wp-block-heading\" id=\"h-our-buddy-boat-anila\">Unser Buddy Boat Anila<\/h2>\n\n\n\n<div style=\"height:32px\" aria-hidden=\"true\" class=\"wp-block-spacer\"><\/div>\n\n\n<div class=\"wp-block-image\">\n<figure class=\"aligncenter size-large\"><img loading=\"lazy\" decoding=\"async\" width=\"325\" height=\"328\" src=\"https:\/\/milagros.ch\/wp-content\/uploads\/2020\/05\/Bild1-2.jpg\" alt=\"\" class=\"wp-image-728\" srcset=\"https:\/\/milagros.ch\/wp-content\/uploads\/2020\/05\/Bild1-2.jpg 325w, https:\/\/milagros.ch\/wp-content\/uploads\/2020\/05\/Bild1-2-297x300.jpg 297w, https:\/\/milagros.ch\/wp-content\/uploads\/2020\/05\/Bild1-2-150x150.jpg 150w, https:\/\/milagros.ch\/wp-content\/uploads\/2020\/05\/Bild1-2-12x12.jpg 12w\" sizes=\"(max-width: 325px) 100vw, 325px\" \/><\/figure><\/div>\n\n\n<div style=\"height:30px\" aria-hidden=\"true\" class=\"wp-block-spacer\"><\/div>\n\n\n\n<p>Lerne unser <a href=\"https:\/\/www.anilasailing.ch\/\" target=\"_blank\" rel=\"noreferrer noopener\"><span class=\"tadv-color\" style=\"color:#0693e3\">Buddy Boat Anila<\/span><\/a> mit Carmen und I\u00f1aki an Bord kennen. Segeln, entdecken und geniessen ist ihr Motto. Morgens in den Sonnenaufgang segeln, nachmittags die neue Ankerbucht erkunden und abends bei Sonnenuntergang den selbstgefangenen Fisch auf dem Hinterdeck grillieren. Besuche ihre <a href=\"http:\/\/www.anilasailing.ch\/\" target=\"_blank\" rel=\"noreferrer noopener\"><span class=\"tadv-color\" style=\"color:#0693e3\">Homepage<\/span><\/a> um abzuchecken, welche Abenteuer sie dir bieten k\u00f6nnen!<\/p>\n\n\n\n<h2 class=\"has-text-align-center wp-block-heading\">Check out our online presence management services<\/h2>\n\n\n\n<figure class=\"wp-block-image size-large is-style-default\"><a href=\"https:\/\/milagros-studio.com\/\" target=\"_blank\" rel=\"noreferrer noopener\"><img loading=\"lazy\" decoding=\"async\" width=\"1024\" height=\"278\" src=\"https:\/\/milagros.ch\/wp-content\/uploads\/2023\/06\/Milagros-Studio-Banner_web-1024x278.jpg\" alt=\"\" class=\"wp-image-15861\" srcset=\"https:\/\/milagros.ch\/wp-content\/uploads\/2023\/06\/Milagros-Studio-Banner_web-1024x278.jpg 1024w, https:\/\/milagros.ch\/wp-content\/uploads\/2023\/06\/Milagros-Studio-Banner_web-300x81.jpg 300w, https:\/\/milagros.ch\/wp-content\/uploads\/2023\/06\/Milagros-Studio-Banner_web-768x208.jpg 768w, https:\/\/milagros.ch\/wp-content\/uploads\/2023\/06\/Milagros-Studio-Banner_web-1536x416.jpg 1536w, https:\/\/milagros.ch\/wp-content\/uploads\/2023\/06\/Milagros-Studio-Banner_web-18x5.jpg 18w, https:\/\/milagros.ch\/wp-content\/uploads\/2023\/06\/Milagros-Studio-Banner_web-1200x325.jpg 1200w, https:\/\/milagros.ch\/wp-content\/uploads\/2023\/06\/Milagros-Studio-Banner_web-1980x537.jpg 1980w, https:\/\/milagros.ch\/wp-content\/uploads\/2023\/06\/Milagros-Studio-Banner_web.jpg 2000w\" sizes=\"(max-width: 1024px) 100vw, 1024px\" \/><\/a><\/figure>","protected":false},"excerpt":{"rendered":"<p>This is us! We are Pati and Dave, both in our early 30ies, from the Basel area in the northwest [&hellip;]<\/p>\n","protected":false},"author":3,"featured_media":0,"parent":0,"menu_order":0,"comment_status":"closed","ping_status":"closed","template":"","meta":{"_acf_changed":false,"_monsterinsights_skip_tracking":false,"_monsterinsights_sitenote_active":false,"_monsterinsights_sitenote_note":"","_monsterinsights_sitenote_category":0,"cybocfi_hide_featured_image":"","footnotes":""},"acf":[],"yoast_head":"<!-- This site is optimized with the Yoast SEO Premium plugin v22.0 (Yoast SEO v23.5) - https:\/\/yoast.com\/wordpress\/plugins\/seo\/ -->\n<title>The Crew of Milagros &#8226; Milagros &#8226; Sailing Blog<\/title>\n<meta name=\"description\" content=\"We&#039;re a Swiss couple about to go on a new adventure as liveaboard cruisers on our Kelly Peterson 44! Here you can read more about us.\" \/>\n<meta name=\"robots\" content=\"index, follow, max-snippet:-1, max-image-preview:large, max-video-preview:-1\" \/>\n<link rel=\"canonical\" href=\"https:\/\/milagros.ch\/de\/die-crew\/\" \/>\n<meta property=\"og:locale\" content=\"de_DE\" \/>\n<meta property=\"og:type\" content=\"article\" \/>\n<meta property=\"og:title\" content=\"The Crew\" \/>\n<meta property=\"og:description\" content=\"This is us! We are Pati and Dave, both in our early 30ies, from the Basel area in the northwest of Switzerland (no, not Sweden) and have spent more than\" \/>\n<meta property=\"og:url\" content=\"https:\/\/milagros.ch\/de\/die-crew\/\" \/>\n<meta property=\"og:site_name\" content=\"Milagros\" \/>\n<meta property=\"article:publisher\" content=\"https:\/\/www.facebook.com\/milagros.sailing\" \/>\n<meta property=\"article:modified_time\" content=\"2025-09-05T09:08:23+00:00\" \/>\n<meta property=\"og:image\" content=\"https:\/\/milagros.ch\/wp-content\/uploads\/2021\/07\/the-crew.jpg\" \/>\n<meta name=\"twitter:card\" content=\"summary_large_image\" \/>\n<meta name=\"twitter:label1\" content=\"Gesch\u00e4tzte Lesezeit\" \/>\n\t<meta name=\"twitter:data1\" content=\"4 Minuten\" \/>\n<script type=\"application\/ld+json\" class=\"yoast-schema-graph\">{\"@context\":\"https:\/\/schema.org\",\"@graph\":[{\"@type\":\"WebPage\",\"@id\":\"https:\/\/milagros.ch\/the-crew\/\",\"url\":\"https:\/\/milagros.ch\/the-crew\/\",\"name\":\"The Crew of Milagros &#8226; Milagros &#8226; Sailing Blog\",\"isPartOf\":{\"@id\":\"https:\/\/milagros.ch\/#website\"},\"primaryImageOfPage\":{\"@id\":\"https:\/\/milagros.ch\/the-crew\/#primaryimage\"},\"image\":{\"@id\":\"https:\/\/milagros.ch\/the-crew\/#primaryimage\"},\"thumbnailUrl\":\"https:\/\/milagros.ch\/wp-content\/uploads\/2021\/07\/the-crew.jpg\",\"datePublished\":\"2020-02-21T09:12:14+00:00\",\"dateModified\":\"2025-09-05T09:08:23+00:00\",\"description\":\"We're a Swiss couple about to go on a new adventure as liveaboard cruisers on our Kelly Peterson 44! Here you can read more about us.\",\"breadcrumb\":{\"@id\":\"https:\/\/milagros.ch\/the-crew\/#breadcrumb\"},\"inLanguage\":\"de-CH\",\"potentialAction\":[{\"@type\":\"ReadAction\",\"target\":[\"https:\/\/milagros.ch\/the-crew\/\"]}]},{\"@type\":\"ImageObject\",\"inLanguage\":\"de-CH\",\"@id\":\"https:\/\/milagros.ch\/the-crew\/#primaryimage\",\"url\":\"https:\/\/milagros.ch\/wp-content\/uploads\/2021\/07\/the-crew.jpg\",\"contentUrl\":\"https:\/\/milagros.ch\/wp-content\/uploads\/2021\/07\/the-crew.jpg\"},{\"@type\":\"BreadcrumbList\",\"@id\":\"https:\/\/milagros.ch\/the-crew\/#breadcrumb\",\"itemListElement\":[{\"@type\":\"ListItem\",\"position\":1,\"name\":\"Startseite\",\"item\":\"https:\/\/milagros.ch\/\"},{\"@type\":\"ListItem\",\"position\":2,\"name\":\"The Crew\"}]},{\"@type\":\"WebSite\",\"@id\":\"https:\/\/milagros.ch\/#website\",\"url\":\"https:\/\/milagros.ch\/\",\"name\":\"Milagros\",\"description\":\"Nice to meet you!\",\"publisher\":{\"@id\":\"https:\/\/milagros.ch\/#organization\"},\"potentialAction\":[{\"@type\":\"SearchAction\",\"target\":{\"@type\":\"EntryPoint\",\"urlTemplate\":\"https:\/\/milagros.ch\/?s={search_term_string}\"},\"query-input\":{\"@type\":\"PropertyValueSpecification\",\"valueRequired\":true,\"valueName\":\"search_term_string\"}}],\"inLanguage\":\"de-CH\"},{\"@type\":\"Organization\",\"@id\":\"https:\/\/milagros.ch\/#organization\",\"name\":\"Milagros Sailing\",\"url\":\"https:\/\/milagros.ch\/\",\"logo\":{\"@type\":\"ImageObject\",\"inLanguage\":\"de-CH\",\"@id\":\"https:\/\/milagros.ch\/#\/schema\/logo\/image\/\",\"url\":\"https:\/\/milagros.ch\/wp-content\/uploads\/2021\/02\/Milagros_black.jpg\",\"contentUrl\":\"https:\/\/milagros.ch\/wp-content\/uploads\/2021\/02\/Milagros_black.jpg\",\"width\":512,\"height\":512,\"caption\":\"Milagros Sailing\"},\"image\":{\"@id\":\"https:\/\/milagros.ch\/#\/schema\/logo\/image\/\"},\"sameAs\":[\"https:\/\/www.facebook.com\/milagros.sailing\",\"https:\/\/www.instagram.com\/milagros_sailing\/\",\"https:\/\/www.linkedin.com\/company\/milagros-sailing\"]}]}<\/script>\n<!-- \/ Yoast SEO Premium plugin. -->","yoast_head_json":{"title":"The Crew of Milagros &#8226; Milagros &#8226; Sailing Blog","description":"We're a Swiss couple about to go on a new adventure as liveaboard cruisers on our Kelly Peterson 44! Here you can read more about us.","robots":{"index":"index","follow":"follow","max-snippet":"max-snippet:-1","max-image-preview":"max-image-preview:large","max-video-preview":"max-video-preview:-1"},"canonical":"https:\/\/milagros.ch\/de\/die-crew\/","og_locale":"de_DE","og_type":"article","og_title":"The Crew","og_description":"This is us! We are Pati and Dave, both in our early 30ies, from the Basel area in the northwest of Switzerland (no, not Sweden) and have spent more than","og_url":"https:\/\/milagros.ch\/de\/die-crew\/","og_site_name":"Milagros","article_publisher":"https:\/\/www.facebook.com\/milagros.sailing","article_modified_time":"2025-09-05T09:08:23+00:00","og_image":[{"url":"https:\/\/milagros.ch\/wp-content\/uploads\/2021\/07\/the-crew.jpg"}],"twitter_card":"summary_large_image","twitter_misc":{"Gesch\u00e4tzte Lesezeit":"4 Minuten"},"schema":{"@context":"https:\/\/schema.org","@graph":[{"@type":"WebPage","@id":"https:\/\/milagros.ch\/the-crew\/","url":"https:\/\/milagros.ch\/the-crew\/","name":"The Crew of Milagros &#8226; Milagros &#8226; Sailing Blog","isPartOf":{"@id":"https:\/\/milagros.ch\/#website"},"primaryImageOfPage":{"@id":"https:\/\/milagros.ch\/the-crew\/#primaryimage"},"image":{"@id":"https:\/\/milagros.ch\/the-crew\/#primaryimage"},"thumbnailUrl":"https:\/\/milagros.ch\/wp-content\/uploads\/2021\/07\/the-crew.jpg","datePublished":"2020-02-21T09:12:14+00:00","dateModified":"2025-09-05T09:08:23+00:00","description":"We're a Swiss couple about to go on a new adventure as liveaboard cruisers on our Kelly Peterson 44! Here you can read more about us.","breadcrumb":{"@id":"https:\/\/milagros.ch\/the-crew\/#breadcrumb"},"inLanguage":"de-CH","potentialAction":[{"@type":"ReadAction","target":["https:\/\/milagros.ch\/the-crew\/"]}]},{"@type":"ImageObject","inLanguage":"de-CH","@id":"https:\/\/milagros.ch\/the-crew\/#primaryimage","url":"https:\/\/milagros.ch\/wp-content\/uploads\/2021\/07\/the-crew.jpg","contentUrl":"https:\/\/milagros.ch\/wp-content\/uploads\/2021\/07\/the-crew.jpg"},{"@type":"BreadcrumbList","@id":"https:\/\/milagros.ch\/the-crew\/#breadcrumb","itemListElement":[{"@type":"ListItem","position":1,"name":"Startseite","item":"https:\/\/milagros.ch\/"},{"@type":"ListItem","position":2,"name":"The Crew"}]},{"@type":"WebSite","@id":"https:\/\/milagros.ch\/#website","url":"https:\/\/milagros.ch\/","name":"Milagros","description":"Sch\u00f6n dich kennen zu lernen!","publisher":{"@id":"https:\/\/milagros.ch\/#organization"},"potentialAction":[{"@type":"SearchAction","target":{"@type":"EntryPoint","urlTemplate":"https:\/\/milagros.ch\/?s={search_term_string}"},"query-input":{"@type":"PropertyValueSpecification","valueRequired":true,"valueName":"search_term_string"}}],"inLanguage":"de-CH"},{"@type":"Organization","@id":"https:\/\/milagros.ch\/#organization","name":"Milagros Sailing","url":"https:\/\/milagros.ch\/","logo":{"@type":"ImageObject","inLanguage":"de-CH","@id":"https:\/\/milagros.ch\/#\/schema\/logo\/image\/","url":"https:\/\/milagros.ch\/wp-content\/uploads\/2021\/02\/Milagros_black.jpg","contentUrl":"https:\/\/milagros.ch\/wp-content\/uploads\/2021\/02\/Milagros_black.jpg","width":512,"height":512,"caption":"Milagros Sailing"},"image":{"@id":"https:\/\/milagros.ch\/#\/schema\/logo\/image\/"},"sameAs":["https:\/\/www.facebook.com\/milagros.sailing","https:\/\/www.instagram.com\/milagros_sailing\/","https:\/\/www.linkedin.com\/company\/milagros-sailing"]}]}},"_links":{"self":[{"href":"https:\/\/milagros.ch\/de\/wp-json\/wp\/v2\/pages\/19"}],"collection":[{"href":"https:\/\/milagros.ch\/de\/wp-json\/wp\/v2\/pages"}],"about":[{"href":"https:\/\/milagros.ch\/de\/wp-json\/wp\/v2\/types\/page"}],"author":[{"embeddable":true,"href":"https:\/\/milagros.ch\/de\/wp-json\/wp\/v2\/users\/3"}],"replies":[{"embeddable":true,"href":"https:\/\/milagros.ch\/de\/wp-json\/wp\/v2\/comments?post=19"}],"version-history":[{"count":11,"href":"https:\/\/milagros.ch\/de\/wp-json\/wp\/v2\/pages\/19\/revisions"}],"predecessor-version":[{"id":15864,"href":"https:\/\/milagros.ch\/de\/wp-json\/wp\/v2\/pages\/19\/revisions\/15864"}],"wp:attachment":[{"href":"https:\/\/milagros.ch\/de\/wp-json\/wp\/v2\/media?parent=19"}],"curies":[{"name":"wp","href":"https:\/\/api.w.org\/{rel}","templated":true}]}}